{"id":2,"date":"2023-03-04T06:19:49","date_gmt":"2023-03-04T06:19:49","guid":{"rendered":"https:\/\/www.staycool-eisbaden.ch\/hi\/?page_id=2"},"modified":"2023-03-05T15:54:27","modified_gmt":"2023-03-05T15:54:27","slug":"agb","status":"publish","type":"page","link":"https:\/\/www.staycool-eisbaden.ch\/hi\/agb\/","title":{"rendered":"Allgemeine Gesch\u00e4ftsbedingungen (AGB)"},"content":{"rendered":"\n\n\n<p><br><\/p>\n\n\n\n\n<p>1. Allgemeines<\/p>\n<p>Die nachfolgenden allgemeinen Gesch\u00e4ftsbedingungen regeln die Beziehungen zwischen der Firma Wyland Usziit und ihren Kunden (nachfolgend \u201eKunde\u201c) als Eigent\u00fcmerin der Marke &#8220;Stay Cool!&#8221;. Wyland Usziit ist somit der Anbieter von Stay Cool- Atemtrainings und -Eisbadeangeboten. Diese AGB bilden den integrierenden Bestandteil eines zwischen Wyland Usziit und einem Kunden abgeschlossenen Vertrages. Die \u00dcbernahme allf\u00e4lliger Bezugs- und Einkaufbedingungen des Kunden ist hiermit explizit ausgeschlossen und der Kunde nimmt zustimmend zur Kenntnis, dass Wyland Usziit ausschliesslich die eigenen Allgemeinen Gesch\u00e4ftsbedingungen als Vertragsbestandteil akzeptiert. \u00c4nderungen oder Nebenabreden dieser allgemeinen Gesch\u00e4ftsbedingungen bed\u00fcrfen zu ihrer G\u00fcltigkeit der Schriftform und Best\u00e4tigung mit rechtsg\u00fcltiger Unterschrift seitens der Wyland Usziit.<\/p>\n<p>2. Vertragsabschluss<\/p>\n<p>Von Wyland Usziit an den Kunden abgegebene Offerten (inklusive Prospekte, Preislisten, Illustrationen von Produkten, Angaben im Webshop etc.) sind unverbindliche Einladungen zur Offertstellung, ausser Wyland Usziit bezeichnet eine Offerte explizit als verbindlich. Ein Vertrag zwischen Wyland Usziit und dem Kunden kommt erst durch einen Antrag des Kunden in Form einer Bestellung und dessen Annahme durch Wyland Usziit zustande. Die Bestellung des Kunden kann per Telefon, schriftlich oder Email erfolgen. Wyland Usziit nimmt den Antrag an, indem sie ihn schriftlich (auch Email) best\u00e4tigt oder die Waren an den Kunden innerhalb von 14 Tagen ausliefert. Die schriftliche Best\u00e4tigung durch Wyland Usziit zur Annahme des Antrages eines Kunden ist nicht zu verwechseln mit der unverz\u00fcglichen Best\u00e4tigung des Einganges der Bestellung im Rahmen des sogenannten elektronischen Gesch\u00e4ftsverkehrs.<\/p><p>Der Kunde nimmt zur Kenntnis, dass erteilte Zusagen bez\u00fcglich Verf\u00fcgbarkeit einer bestimmten Ware\/eines Angebots nicht verbindlich sind und insbesondere infolge von Produktionsengp\u00e4ssen, dem Tierwohl oder anderen das Angebot von Wyland Usziit betreffenden Umst\u00e4nde nachtr\u00e4glich ge\u00e4ndert werden k\u00f6nnen.<\/p><p>Bei bewilligungspflichtigen Gesch\u00e4ften sind die Lieferungen und die vertragskonforme Erf\u00fcllung des Vertrages durch Wyland Usziit vom Erhalt der ben\u00f6tigten beh\u00f6rdlichen Bewilligungen abh\u00e4ngig. Ausser Wyland Usziit ist gesetzlich verpflichtet oder verpflichtet sich explizit zur Einholung einer Bewilligung, ist es Sache des Kunden, notwendige Bewilligungen einzuholen. In jedem Fall hat der Kunde die Kosten sowie damit zusammenh\u00e4ngenden Auslagen zu tragen. Wyland Usziit \u00fcbernimmt f\u00fcr den Erhalt der Bewilligung keine Haftung.<\/p><p>Bestellungen mit Vorauskasse gelten erst als durch Wyland Usziit angenommen, wenn die Zahlung vollst\u00e4ndig innerhalb der in der Rechnung definierten Frist eingetroffen ist und der Auftrag anschliessend durch Wyland Usziit schriftlich (inklusive Email) best\u00e4tigt wurde.<\/p>\n<p>3. Preise und G\u00fcltigkeit<\/p>\n<p>Die Preise verstehen sich \u2013 abweichende Vereinbarungen der Parteien vorbehalten \u2013 ab Marthalen. Geb\u00fchren und Abgaben (inklusive Zoll, ausl\u00e4ndische Mehrwertsteuer etc.) sowie die Kosten f\u00fcr Transport, Verpackung und Versicherung gehen zu Lasten des Kunden.<\/p><p>Sollten sich im Laufe der Vertragsabwicklung \u00c4nderungen durch Preisaufschl\u00e4ge der Zulieferer von Wyland Usziit, W\u00e4hrungsschwankungen, Erh\u00f6hung von Fiskal- oder Zollabgaben etc. ergeben, ist Wyland Usziit berechtigt, die Preise entsprechend anzupassen.<\/p><p>Wyland Usziit ist nicht mehrwertsteuerpflichtig.<\/p><p>Gutscheine sind 2 Jahre g\u00fcltig und werden auf Anfrage hin gerne verl\u00e4ngert.<\/p>\n<p>4. Zahlungsbedingungen<\/p>\n<p>Die Zahlung hat gem\u00e4ss Angabe auf der Rechnung zu erfolgen. Das Verrechnungsrecht des Kunden wird hiermit ausdr\u00fccklich ausgeschlossen.<\/p><p>Bitte beachten Sie, dass pro in Papierform ausgestellte Rechnung eine Administrationsgeb\u00fchr (CHF 2.90) und bei Teil- und Sp\u00e4tzahlung weitere Geb\u00fchren anfallen k\u00f6nnen.&nbsp;<\/p><p>Nach Ablauf der Zahlungsfrist kommt der Kunde ohne Mahnung in Verzug. Es steht Wyland Usziit in diesem Fall das Recht zu, ausstehende Lieferungen f\u00fcr den Kunden (auch in anderen Vertragsverh\u00e4ltnissen mit Wyland Usziit) nur gegen Vorauszahlung auszuf\u00fchren, von den Vertragsverh\u00e4ltnissen zur\u00fcckzutreten und\/oder Schadenersatz zu verlangen. Die Mahngeb\u00fchr betr\u00e4gt pro Mahnstufe Fr. 20.-.<\/p><p>Bei Verdacht auf Zahlungsunf\u00e4higkeit des Kunden kann Wyland Usziit jederzeit Vorauszahlung verlangen und, sofern der Kunde die Vorauszahlung innert der genannten Frist nicht leistet, unverz\u00fcglich vom Vertrag zur\u00fccktreten.<\/p>\n<p>5. Anl\u00e4sse<\/p>\n<p>Die Anl\u00e4sse finden bei jeder Witterung statt, ausser wenn Wyland Usziit ein Risiko zur Durchf\u00fchrung sieht. Dies wird den Teilnehmenden so bald bekannt mitgeteilt. In diesem Fall wird der Anlass verschoben. Solche wetterbedingten Verschiebungen haben keine Kostenfolge f\u00fcr Wyland Usziit oder den Kunden zur Folge.<\/p>\n<p>6. Lieferung<\/p>\n<p>Die vereinbarten Lieferfristen gelten als Richtlinien und st\u00fctzen sich auf die Verh\u00e4ltnisse im Zeitpunkt des Vertragsabschlusses. Bei jeder Vertrags\u00e4nderung f\u00e4llt die urspr\u00fcnglich vereinbarte Lieferfrist dahin und wird gegebenen falls neu festgelegt.<\/p><p>Teillieferungen durch Wyland Usziit sind zul\u00e4ssig.<\/p><p>Unvorhersehbare Betriebsst\u00f6rungen, Lieferfrist\u00fcberschreitungen oder Lieferausf\u00e4lle durch Lieferanten von Wyland Usziit, Arbeitskr\u00e4fte- (inkl. Tiere), Energie- oder Rohstoffmangel, Streiks, Aussperrungen, Schwierigkeiten bei der Transportmittelbeschaffung, Verkehrsst\u00f6rungen, beh\u00f6rdliche Verf\u00fcgungen und andere \u00e4hnliche F\u00e4lle sowie alle F\u00e4lle h\u00f6herer Gewalt befreien f\u00fcr die Dauer der St\u00f6rung und im Umfang ihrer Wirkung Wyland Usziit von der Verpflichtung zur Lieferung. Ist absehbar, dass aufgrund einer der genannten Vorf\u00e4lle die Lieferung unm\u00f6glich oder mehr als 3 Monate verz\u00f6gert wird, beh\u00e4lt sich Wyland Usziit das Recht vor, den Vertrag ganz oder teilweise zu annullieren. In diesem Fall kann der Kunde bereits geleistete Zahlungen gegen R\u00fcckgabe bereits erfolgter Lieferungen zur\u00fcckfordern. Die Geltendmachung von Schadenersatzanspr\u00fcchen durch den Kunden wegen Lieferverz\u00f6gerungen ist hiermit ausdr\u00fccklich ausgeschlossen.<\/p><p>Bei Lieferung ins Ausland k\u00f6nnen zus\u00e4tzliche Kosten entstehe (Zoll, Mehrwertsteuer, Administrationsgeb\u00fchren etc.), welche vollumf\u00e4nglich dem Kunden verrechnet werden.<\/p>\n<p>7. Gefahren\u00fcbergang<\/p>\n<p>Falls nicht ausdr\u00fccklich etwas anderes von den Parteien vereinbart wird, gilt EXW Marthalen, d.h. die Gefahr geht mit der Bereitstellung der zu liefernden Gegenst\u00e4nde zur Abholung (durch den Kunden oder Dritte) auf den Kunden \u00fcber.<\/p><p>8. R\u00fcckgaberecht \/ Stornierung Anlassteilnahme<\/p><p>Von gebuchten Anl\u00e4ssen kann zur\u00fcckgetreten werden. Dabei werden folgende Geb\u00fchren f\u00e4llig, die von Wyland Usziit von der Anmeldegeb\u00fchr abgezogen resp. in Rechnung gestellt werden k\u00f6nnen:<\/p><p>\u2022 Bis 30 Tage vor dem Anlass: keine Geb\u00fchr<\/p><p>\u2022 30 bis 15 Tage vor dem Anlass: 20% der Anmeldekosten<\/p><p>\u2022 15 bis 7 Tage vor dem Anlass: 50% der Anmeldekosten<\/p><p>\u2022 &lt; 7 Tage vor dem Anlass: 100% der Anmeldekosten<\/p><p>Bei R\u00fccktritt einzelner Personen aus einer Gruppenanmeldung (bei Verringerung der Gruppengr\u00f6sse) gelten die gleichen Geb\u00fchren.<\/p><p>R\u00fccksendungen von vertragsgem\u00e4ss gelieferten Waren sind nur nach vorheriger schriftlicher Best\u00e4tigung durch Wyland Usziit und innerhalb von 14 Tagen nach Erhalt m\u00f6glich. Die Waren sind in Originalverpackung und unbesch\u00e4digt zur\u00fcckzusenden. Rechnung und Lieferschein sind der Sendung beizulegen. S\u00e4mtliche durch die R\u00fccksendung entstehenden Kosten tr\u00e4gt der Kunde. Sollte die R\u00fccksendung nicht komplett sein oder die Originalverpackung Sch\u00e4den aufweisen, beh\u00e4lt sich Wyland Usziit das Recht vor, die Sendung zu retournieren oder dem Kunden einen angemessenen Betrag f\u00fcr die Instandstellung in Rechnung zu stellen.<\/p>\n<p>9. M\u00e4ngelr\u00fcgen und Beanstandungen<\/p>\n<p>Beanstandungen wegen M\u00e4ngeln, Unvollst\u00e4ndigkeit oder Unrichtigkeit der Lieferung sind, soweit durch zumutbare Pr\u00fcfung der gelieferten Gegenst\u00e4nde feststellbar, innerhalb von 5 Tagen nach Erhalt der Lieferung Wyland Usziit schriftlich mitzuteilen. Unterl\u00e4sst es der Kunde, die gelieferten Gegenst\u00e4nde innert 5 Tagen nach Erhalt zu pr\u00fcfen bzw. schriftlich M\u00e4ngelr\u00fcge zu erheben, so gilt die Lieferung als genehmigt.<\/p><p>Der Kunde nimmt zur Kenntnis, dass die Lieferung EXW Marthalen erfolgt und der Kunde somit unter anderem f\u00fcr den weiteren Transport der gelieferten Gegenst\u00e4nde (inklusive deren Versicherung) verantwortlich ist; dies selbst, wenn der Transport und die Versicherung von Wyland Usziit organisiert wurde. Wyland Usziit \u00fcbernimmt keine Haftung f\u00fcr Transportsch\u00e4den oder Verlust der gelieferten Gegenst\u00e4nde auf dem weiteren Transportweg.<\/p><p>Ergeben sich nach Ablauf der 5-t\u00e4gigen Frist M\u00e4ngel der gelieferten Gegenst\u00e4nde, welche der Kunde nicht durch zumutbare Pr\u00fcfung der gelieferten Gegenst\u00e4nde feststellen konnte, so hat der Kunde sofort nach deren Entdeckung M\u00e4ngelr\u00fcge zu erheben. Andernfalls gelten die gelieferten Gegenst\u00e4nde auch hinsichtlich dieser M\u00e4ngel als genehmigt. Hinsichtlich dieser M\u00e4ngel richtet sich die Gew\u00e4hrleistungsfrist nach Angabe der Produktspezifikation des gelieferten Gegenstandes, welche im Zeitpunkt der Lieferung g\u00fcltig ist, respektive betr\u00e4gt \u2013 sofern die Produktspezifikation keine entsprechenden Angaben enth\u00e4lt \u2013 1 Jahr.<\/p><p>Wyland Usziit haftet f\u00fcr M\u00e4ngel nur im Rahmen der nachstehenden Gew\u00e4hrleistungsbestimmung. Weitergehende Anspr\u00fcche des Kunden, insbesondere Schadenersatzanspr\u00fcche aller Art, sind soweit gesetzlich zul\u00e4ssig, auch bei rechtzeitiger M\u00e4ngelr\u00fcge ausgeschlossen.<\/p>\n<p>10. Gew\u00e4hrleistung, Versicherung und Haftung<\/p>\n<p>Die Versicherung ist Sache der Teilnehmenden. Eltern haften f\u00fcr ihre Kinder. Die Kinder sind stets unter der Obhut der Eltern resp. unter der Obhut jener Person, die sie zum Anlass mitgebracht hat.<\/p><p>Jeder Teilnehmende hat sich passend zum gebuchten Angebot auszur\u00fcsten. Wyland Usziit kann Teilnehmer, welche den Vorgaben nicht entsprechen, ohne Kostenfolge resp. R\u00fcckerstattungsanspruch von der Teilnahme ausschliessen.<\/p><p>Gew\u00e4hrleistungsanspr\u00fcche sind vom Kunden ausdr\u00fccklich als solche geltend zu machen. Wyland Usziit bietet w\u00e4hrend der gesetzlichen Gew\u00e4hrleistungsfrist ausschliesslich Gew\u00e4hr bei M\u00e4ngeln, die nachweislich infolge fehlerhaften Materials, als Folge von Konstruktionsfehlern oder mangelhafter Ausf\u00fchrung entstanden sind. Ist ein Gew\u00e4hrleistungsanspruch begr\u00fcndet, so wird Wyland Usziit, nach freiem Ermessen, die mangelhaften Gegenst\u00e4nde reparieren oder ersetzen. Die Kosten f\u00fcr den R\u00fccktransport der mangelhaften Gegenst\u00e4nde zu Wyland Usziit tr\u00e4gt der Kunde. Ersetzte Teile werden Eigentum von Wyland Usziit.<\/p><p>Soweit es das Gesetzt zul\u00e4sst, wird jegliche weitere Haftung von Wyland Usziit wegbedungen, insbesondere f\u00fcr Sch\u00e4den, welche unmittelbar oder mittelbar durch die gelieferten Gegenst\u00e4nde selbst, deren Gebrauch oder durch deren M\u00e4ngel entstehen.<\/p><p>Bei Handelswaren gelten die Gew\u00e4hrleistungsbestimmungen des Herstellers. Von der Gew\u00e4hrleistung ausgeschlossen sind Teile, die einer nat\u00fcrlichen Abnutzung unterliegen, Sch\u00e4den infolge ungen\u00fcgender Wartung, Nichteinhalten von Betriebsvorschriften und h\u00f6herer Gewalt. Die Gew\u00e4hrleistungsanspr\u00fcche erl\u00f6schen, wenn der Kunde selbst oder Dritte ohne schriftliche Zustimmung von Wyland Usziit \u00c4nderungen oder Reparaturen durchf\u00fchren.<\/p>\n<p>11. Eigentumsvorbehalt<\/p>\n<p>An allen gelieferten Gegenst\u00e4nden beh\u00e4lt sich Wyland Usziit bis zur vollst\u00e4ndigen Bezahlung des Kaufpreises (inklusive allf\u00e4lliger Verzugszinsen) das Eigentumsrecht vor. Hiermit erm\u00e4chtigt der Kunde Wyland Usziit unwiderruflich auf Kosten des Kunden den Eigentumsvorbehalt an den gelieferten Gegenst\u00e4nden in das relevante Eigentumsvorbehaltsregister eintragen zu lassen. Der Kunde hat sich hinsichtlich des Eigentumsvorbehalts gegen\u00fcber Wyland Usziit vollst\u00e4ndig kooperativ zu verhalten und verpflichtet sich insbesondere, alle Handlungen vorzunehmen, die f\u00fcr einen Eintrag n\u00f6tig oder hilfreich sind.<\/p><p>Bis zum vollst\u00e4ndigen \u00dcbergang des Eigentums auf den Kunden h\u00e4lt der Kunde die gelieferten Gegenst\u00e4nde treuh\u00e4nderisch f\u00fcr Wyland Usziit und der Kunde hat die Gegenst\u00e4nde getrennt von seinen eigenen oder von denen Dritter aufzubewahren. Der Kunde hat die gelieferten Gegenst\u00e4nde vor Zugriffen Dritter zu sch\u00fctzen, sie sorgf\u00e4ltig zu behandeln und sie ordnungsgem\u00e4ss auf eigene Kosten, jedoch zugunsten von Wyland Usziit, gegen Diebstahl, Feuer und jegliches weitere Risiko zu versichern.<\/p><p>Eine Ver\u00e4usserung der unter Eigentumsvorbehalt stehenden Gegenst\u00e4nde (\u201eVorbehaltsgegenst\u00e4nde\u201c) ist dem Kunden nur im ordnungsgem\u00e4ssen Gesch\u00e4ftsverkehr gestattet. Auf jeden Fall hat der Kunde sicherzustellen, dass das Eigentum erst mit vollst\u00e4ndiger Bezahlung des Kaufpreises auf den Dritten \u00fcbergeht. Der Kunde ist nicht berechtigt, die Vorbehaltsgegenst\u00e4nde zu verpf\u00e4nden, Dritten als Sicherheit zu \u00fcbereignen oder eine sonstige das Eigentum von Wyland Usziit gef\u00e4hrdende Verf\u00fcgung zu treffen. Der Kunde tritt hiermit alle Forderungen, die aus der Weiterver\u00e4usserung der Vorbehaltsgegenst\u00e4nde entstehen oder entstanden sind, an Wyland Usziit ab. Der Kunde ist bis zum jederzeit m\u00f6glichen Widerruf durch Wyland Usziit erm\u00e4chtigt, die an Wyland Usziit abgetretenen Forderungen treuh\u00e4nderisch f\u00fcr Wyland Usziit einzuziehen. Im Falle des Widerrufs ist Wyland Usziit berechtigt, die Forderung selbst einzuziehen.<\/p>\n<p>12. Urheberrecht<\/p>\n<p>An allen mit den gelieferten Gegenst\u00e4nden und Veranstaltungen zusammenh\u00e4ngenden Rechten, wie Zeichnungen, Entw\u00fcrfen, Fotos, Schemata und Beschreibungen beh\u00e4lt sich Wyland Usziit die Eigentums- und Urheberrechte vor.<\/p>\n<p>13. Datenschutz<\/p>\n<p>Der Kunde nimmt zustimmend zur Kenntnis, dass Wyland Usziit im Rahmen der Vertragsbeziehung Kundendaten erhebt und bearbeitet. Wyland Usziit behandelt Kundendaten vertraulich und h\u00e4lt die Bestimmungen der schweizerischen Datenschutzgesetzgebung ein. Der Kunde stimmt zu, dass Wyland Usziit im Rahmen der Einholung von Bewilligung f\u00fcr den Kunden Kundendaten an Dritte im In- und Ausland weiterleiten muss und dass in solchen Drittstaaten die Kundendaten nicht im gleichen Ausmass gesch\u00fctzt sind wie in der Schweiz.<\/p><p>Bei der Teilnahme an Anl\u00e4ssen darf Wyland Usziit Fotos machen und f\u00fcr den eigenen Webauftritt und das eigene Social-Media-Konto verwenden. Der Kunde gibt sein Einverst\u00e4ndnis durch das Buchen eines Angebots.<\/p>\n<p>14. Ausschluss weiterer Haftung von Wyland Usziit<\/p>\n<p>Alle Anspr\u00fcche des Kunden, gleichg\u00fcltig aus welchem Rechtsgrund sie gestellt werden, sind in diesen Bestimmungen abschliessend geregelt. Insbesondere sind alle nicht ausdr\u00fccklich genannten Anspr\u00fcche des Kunden auf Schadenersatz, Minderung, Aufhebung des Vertrages (inklusive Irrtum) oder R\u00fccktritt vom Vertrag ausgeschlossen. In keinem Fall bestehen Anspr\u00fcche des Kunden auf Ersatz von Sch\u00e4den, die nicht an der Lieferware selbst entstanden sind, wie namentlich Verlust von Auftr\u00e4gen, entgangener Gewinn sowie andere mittelbare und unmittelbare Sch\u00e4den.<\/p>\n<p>15. Salvatorische Klausel<\/p>\n<p>Sollten sich einzelne Bestimmungen dieser Allgemeinen Gesch\u00e4ftsbedingungen als ganz oder teilweise ung\u00fcltig oder unwirksam erweisen, so bleiben dadurch alle anderen Bedingungen unber\u00fchrt. Die ung\u00fcltige oder unwirksame Bestimmung soll durch eine Bestimmung ersetzt werden, die dem urspr\u00fcnglich gewollten, auch in wirtschaftlicher Hinsicht, am n\u00e4chsten kommt.<\/p>\n<p>16. Anwendbares Recht und Gerichtsstand<\/p>\n<p>Anwendbar ist \u2013 mit Ausnahme des Eigentumsvorbehalts gem\u00e4ss Ziffer 10 dieser allgemeinen Gesch\u00e4ftsbedingungen \u2013 ausschliesslich materielles schweizerisches Recht, unter Ausschluss des internationalen Privatrechts sowie allf\u00e4lliger Staatsvertr\u00e4ge. Auf den Eigentumsvorbehalt findet das Recht desjenigen Staates Anwendung, in dem sich der gelieferte Gegenstand bei der Einleitung prozessualer Schritte befindet.<\/p><p>Ausschliesslicher Gerichtsstand f\u00fcr alle Streitigkeiten, die sich aufgrund des zwischen Wyland Usziit und dem Kunden geschlossenen Vertrags oder dessen sp\u00e4teren \u00c4nderung ergeben oder sich auf diesen beziehen, einschliesslich (ohne Einschr\u00e4nkung hierauf) dessen Entstehung, G\u00fcltigkeit, bindende Wirkung, Verletzung oder Beendigung, ist Marthalen, Schweiz. Wyland Usziit beh\u00e4lt sich jedoch das Recht vor, den Kunden an dessen Sitz einzuklagen und den Eigentumsvorbehalt am Lageort des Vorbehaltsgegenstandes durchzusetzen.<\/p>\n<p>Diese allgemeinen Gesch\u00e4ftsbedingungen ersetzen alle \u00e4lteren Versionen der allgemeinen Gesch\u00e4ftsbedingungen von Wyland Usziit.<\/p>\n<p>Wyland Usziit. mit Stay Cool! Atemtraining &amp; Eisbade-Wellness<\/p><p>CH-8460 Marthalen, Januar 2023<\/p>\n\n\n","protected":false},"excerpt":{"rendered":"","protected":false},"author":1,"featured_media":0,"parent":0,"menu_order":0,"comment_status":"closed","ping_status":"closed","template":"","meta":{"pagelayer_contact_templates":[],"_pagelayer_content":"","footnotes":""},"class_list":["post-2","page","type-page","status-publish","hentry"],"_links":{"self":[{"href":"https:\/\/www.staycool-eisbaden.ch\/hi\/wp-json\/wp\/v2\/pages\/2","targetHints":{"allow":["GET"]}}],"collection":[{"href":"https:\/\/www.staycool-eisbaden.ch\/hi\/wp-json\/wp\/v2\/pages"}],"about":[{"href":"https:\/\/www.staycool-eisbaden.ch\/hi\/wp-json\/wp\/v2\/types\/page"}],"author":[{"embeddable":true,"href":"https:\/\/www.staycool-eisbaden.ch\/hi\/wp-json\/wp\/v2\/users\/1"}],"replies":[{"embeddable":true,"href":"https:\/\/www.staycool-eisbaden.ch\/hi\/wp-json\/wp\/v2\/comments?post=2"}],"version-history":[{"count":3,"href":"https:\/\/www.staycool-eisbaden.ch\/hi\/wp-json\/wp\/v2\/pages\/2\/revisions"}],"predecessor-version":[{"id":484,"href":"https:\/\/www.staycool-eisbaden.ch\/hi\/wp-json\/wp\/v2\/pages\/2\/revisions\/484"}],"wp:attachment":[{"href":"https:\/\/www.staycool-eisbaden.ch\/hi\/wp-json\/wp\/v2\/media?parent=2"}],"curies":[{"name":"wp","href":"https:\/\/api.w.org\/{rel}","templated":true}]}}